{"id":240,"date":"2018-06-25T16:19:25","date_gmt":"2018-06-25T21:19:25","guid":{"rendered":"http:\/\/davidzevallos.com\/?page_id=240"},"modified":"2019-06-17T14:44:29","modified_gmt":"2019-06-17T19:44:29","slug":"servicios-para-marcas","status":"publish","type":"page","link":"https:\/\/davidzevallos.com\/index.php\/servicios-para-marcas\/","title":{"rendered":"Servicios para Marcas"},"content":{"rendered":"<p>Ofrecemos servicios de <strong>gesti\u00f3n profesional<\/strong> para el registro, renovaci\u00f3n (incluyendo modificaci\u00f3n de registros) y defensa de las marcas y otros signos distintivos.<\/p>\n<p><span style=\"font-weight: 400;\">Para conocer nuestros servicios dale click a la categor\u00eda de tu preferencia:<\/span><br \/>\n<a href=\"https:\/\/davidzevallos.com\/index.php\/servicios-para-marcas\/registro-de-marcas-en-peru\/\"><img loading=\"lazy\" decoding=\"async\" class=\"aligncenter wp-image-921 size-full\" src=\"https:\/\/davidzevallos.com\/wp-content\/uploads\/2019\/04\/registro-de-marcas-en-peru.png\" alt=\"\" width=\"656\" height=\"57\" srcset=\"https:\/\/davidzevallos.com\/wp-content\/uploads\/2019\/04\/registro-de-marcas-en-peru.png 656w, https:\/\/davidzevallos.com\/wp-content\/uploads\/2019\/04\/registro-de-marcas-en-peru-300x26.png 300w\" sizes=\"auto, (max-width: 656px) 100vw, 656px\" \/><\/a><\/p>\n<p><a href=\"https:\/\/davidzevallos.com\/index.php\/registro\/renovacion_y_modificacion_de_marcas\/\"><img loading=\"lazy\" decoding=\"async\" class=\"aligncenter wp-image-922 size-full\" src=\"https:\/\/davidzevallos.com\/wp-content\/uploads\/2019\/04\/renovacion-de-marcas-en-peru.png\" alt=\"\" width=\"656\" height=\"57\" srcset=\"https:\/\/davidzevallos.com\/wp-content\/uploads\/2019\/04\/renovacion-de-marcas-en-peru.png 656w, https:\/\/davidzevallos.com\/wp-content\/uploads\/2019\/04\/renovacion-de-marcas-en-peru-300x26.png 300w\" sizes=\"auto, (max-width: 656px) 100vw, 656px\" \/><\/a><\/p>\n<p><a href=\"https:\/\/davidzevallos.com\/index.php\/registro\/defensa_de_marcas\/\"><img loading=\"lazy\" decoding=\"async\" class=\"aligncenter size-full wp-image-923\" src=\"https:\/\/davidzevallos.com\/wp-content\/uploads\/2019\/04\/defensa-infraccion-de-marcas-en-peru.png\" alt=\"\" width=\"656\" height=\"57\" srcset=\"https:\/\/davidzevallos.com\/wp-content\/uploads\/2019\/04\/defensa-infraccion-de-marcas-en-peru.png 656w, https:\/\/davidzevallos.com\/wp-content\/uploads\/2019\/04\/defensa-infraccion-de-marcas-en-peru-300x26.png 300w\" sizes=\"auto, (max-width: 656px) 100vw, 656px\" \/><\/a><\/p>\n","protected":false},"excerpt":{"rendered":"<p>Ofrecemos servicios de gesti\u00f3n profesional para el registro, renovaci\u00f3n (incluyendo modificaci\u00f3n de registros) y defensa de las marcas y otros signos distintivos. Para conocer nuestros servicios dale click a la categor\u00eda de tu preferencia:<\/p>\n","protected":false},"author":1,"featured_media":878,"parent":0,"menu_order":0,"comment_status":"closed","ping_status":"closed","template":"","meta":{"om_disable_all_campaigns":false,"_monsterinsights_skip_tracking":false,"_monsterinsights_sitenote_active":false,"_monsterinsights_sitenote_note":"","_monsterinsights_sitenote_category":0,"footnotes":""},"class_list":["post-240","page","type-page","status-publish","has-post-thumbnail","hentry"],"_links":{"self":[{"href":"https:\/\/davidzevallos.com\/index.php\/wp-json\/wp\/v2\/pages\/240","targetHints":{"allow":["GET"]}}],"collection":[{"href":"https:\/\/davidzevallos.com\/index.php\/wp-json\/wp\/v2\/pages"}],"about":[{"href":"https:\/\/davidzevallos.com\/index.php\/wp-json\/wp\/v2\/types\/page"}],"author":[{"embeddable":true,"href":"https:\/\/davidzevallos.com\/index.php\/wp-json\/wp\/v2\/users\/1"}],"replies":[{"embeddable":true,"href":"https:\/\/davidzevallos.com\/index.php\/wp-json\/wp\/v2\/comments?post=240"}],"version-history":[{"count":36,"href":"https:\/\/davidzevallos.com\/index.php\/wp-json\/wp\/v2\/pages\/240\/revisions"}],"predecessor-version":[{"id":1063,"href":"https:\/\/davidzevallos.com\/index.php\/wp-json\/wp\/v2\/pages\/240\/revisions\/1063"}],"wp:featuredmedia":[{"embeddable":true,"href":"https:\/\/davidzevallos.com\/index.php\/wp-json\/wp\/v2\/media\/878"}],"wp:attachment":[{"href":"https:\/\/davidzevallos.com\/index.php\/wp-json\/wp\/v2\/media?parent=240"}],"curies":[{"name":"wp","href":"https:\/\/api.w.org\/{rel}","templated":true}]}}