{"id":279,"date":"2018-07-12T10:47:10","date_gmt":"2018-07-12T15:47:10","guid":{"rendered":"http:\/\/davidzevallos.com\/?page_id=279"},"modified":"2018-07-12T10:56:06","modified_gmt":"2018-07-12T15:56:06","slug":"relevantes","status":"publish","type":"page","link":"https:\/\/davidzevallos.com\/index.php\/servicios-para-marcas\/relevantes\/","title":{"rendered":"Informaci\u00f3n relevante para el registro de marcas"},"content":{"rendered":"<p>Si ya tienes informaci\u00f3n general sobre el registro de marcas presta atenci\u00f3n a estos datos:<\/p>\n<p>Muchas personas llegan y presentan la solicitud de registro, luego se sienten sorprendidas o decepcionadas cuando les deniegan el registro por que esa marca o una muy similar se encuentra registrada por un tercero, por ello es importante asesorarse con un especialista antes del registro, personalmente, recomiendo trabajar tres propuestas de marcas que se quiera registrar.<\/p>\n<p>Los plazos del procedimiento se cuentan en d\u00edas h\u00e1biles, su conteo no incluye a los s\u00e1bados, domingos ni a los feriados.<\/p>\n<p>El plazo m\u00e1ximo del procedimiento es de <strong>180 d\u00edas h\u00e1biles<\/strong>, lo que en cristiano es m\u00e1s o menos 8 meses y medio, plazo que en ciertos casos puede extenderse.<\/p>\n<p>El procedimiento de registro ante el Indecopi tiene tres etapas, la evaluaci\u00f3n de conformidad de datos, la publicaci\u00f3n y la decisi\u00f3n.<\/p>\n<p><strong>Evaluaci\u00f3n de datos o\u00a0examen de forma<\/strong>: su plazo es de <strong>15 d\u00edas h\u00e1biles<\/strong>, si la informaci\u00f3n es conforme, se procede a la siguiente etapa, si se encuentran defectos, se concede un plazo para subsanarlos. En el mejor de los casos puede reducirse a\u00a0<strong>5 d\u00edas h\u00e1biles<\/strong>.<\/p>\n<p><strong>Publicaci\u00f3n<\/strong>: tiene una duraci\u00f3n <strong>obligatoria e irreducible<\/strong> de <strong>30 d\u00edas h\u00e1biles<\/strong>\u00a0y se efect\u00faa en la Gaceta electr\u00f3nica, pone en conocimiento de los interesados la existencia de la solicitud.<\/p>\n<p><strong>Decisi\u00f3n<\/strong>: se inicia culminada la etapa anterior;\u00a0<strong>sin oposici\u00f3n<\/strong> de terceros, habitualmente, la decisi\u00f3n de aceptar o denegar el registro puede demorar entre <strong>10 y 25 d\u00edas h\u00e1biles<\/strong>, <strong>con oposici\u00f3n<\/strong> de terceros no hay un dato exacto pues las oposiciones tienen niveles distintos de complejidad, sin embargo hay que saber que el plazo m\u00e1ximo para resolver es de 180 d\u00edas h\u00e1biles adicionales contados desde que se present\u00f3 la oposici\u00f3n.<\/p>\n<p>As\u00ed, en casos de una solicitud correctamente organizada y sin oposici\u00f3n podr\u00edamos hablar de un procedimiento finalizado en unos <strong>45 d\u00edas h\u00e1biles<\/strong>\u00a0(o dos meses y un par de semanas en casos de aceptaci\u00f3n del registro), o en unos <strong>65 d\u00edas h\u00e1biles<\/strong> (o tres meses y un par de semanas en casos de denegatoria del registro).<\/p>\n<p>Cabe considerar que <strong>no hay costos diferenciados<\/strong> si se trata de un signo denominativo, mixto o figurativo, ni tampoco hay costos adicionales para solicitar la realizaci\u00f3n de la publicaci\u00f3n ni del examen de registro o decisi\u00f3n.<\/p>\n<p>Ante la <strong>demora en el tr\u00e1mite<\/strong> es posible formular escritos solicitando el pronto pronunciamiento de la autoridad, sin embargo es recomendable indagar primero con los especialistas a cargo pues dependiendo de la etapa en que estemos la presentaci\u00f3n de escritos puede generar demoras adicionales.<\/p>\n<p>Las demoras en muchos casos obedecen a <strong>problemas en la notificaci\u00f3n<\/strong> de cualquier acto, esto generalmente ocurre cuando la direcci\u00f3n no es de f\u00e1cil acceso o no hay suficientes elementos que permitan identificar el domicilio correctamente, por ello en ciertos casos es posible solicitar una \u00ab<strong>notificaci\u00f3n en mano<\/strong>\u00bb en las instalaciones del Indecopi pero esto es excepcional.<\/p>\n<p>La <strong>presentaci\u00f3n de oposiciones<\/strong> contra una solicitud no implica que dicha solicitud se vaya a denegar, solamente implica que los alegatos ser\u00e1n objeto de un pronunciamiento expreso, para la decisi\u00f3n se eval\u00faa la semejanza entre los signos y la identidad o semejanza entre sus productos y servicios, la clase de la Clasificaci\u00f3n Internacional no es un elemento relevante ni determinante en s\u00ed misma.<\/p>\n<p>Ante una <strong>denegatoria de registro<\/strong> es necesario revisar adecuadamente la Resoluci\u00f3n de denegaci\u00f3n, en base a la informaci\u00f3n que de esa decisi\u00f3n se desprenda se puede estructurar una estrategia de defensa, tal como el planteamiento de alg\u00fan recurso impugnativo o de acciones complementarias que proponga el agente o especialista en la materia.<\/p>\n<p>En caso de que se deniegue el registro y se formule una <strong>apelaci\u00f3n<\/strong>, el caso ser\u00e1 revisado por una <strong>segunda instancia<\/strong>, en los casos de expedientes que no tuvieron oposici\u00f3n la segunda instancia es la <strong>Comisi\u00f3n de Signos Distintivos<\/strong>, en el caso de expedientes que si tuvieron oposici\u00f3n la segunda instancia es la <strong>Sala Especializada en Propiedad Intelectual<\/strong>.<\/p>\n<p>El alegato de que la marca por la que se ha denegado el registro corresponde a una persona extranjera o no inscrita en Sunat o que est\u00e1 con baja de oficio ante este organismo, no da m\u00e9rito a que se conceda el registro de marca.<\/p>\n<p>En caso de que un procedimiento culmine con la denegatoria del registro, no <strong>hay reembolso<\/strong>\u00a0de lo invertido en el procedimiento.<\/p>\n<p>Si <strong>se otorga la marca<\/strong>, el certificado de registro es enviado de manera conjunta con la Resoluci\u00f3n de otorgamiento.<\/p>\n<p>Si la Resoluci\u00f3n o el certificado tienen <strong>errores<\/strong>, puede solicitarse la correcci\u00f3n de \u00e9stos.<\/p>\n<p>Si te gustar\u00eda conversar sobre las posibilidades de registro de tu marca, por favor haz click <a href=\"http:\/\/davidzevallos.com\/index.php\/contacto\/\">aqu\u00ed<\/a>.<\/p>\n","protected":false},"excerpt":{"rendered":"<p>Si ya tienes informaci\u00f3n general sobre el registro de marcas presta atenci\u00f3n a estos datos: Muchas personas llegan y presentan la solicitud de registro, luego se sienten sorprendidas o decepcionadas cuando les deniegan el registro por que esa marca o una muy similar se encuentra registrada por un tercero, por ello es importante asesorarse con<\/p>\n","protected":false},"author":1,"featured_media":0,"parent":240,"menu_order":0,"comment_status":"closed","ping_status":"closed","template":"","meta":{"om_disable_all_campaigns":false,"_monsterinsights_skip_tracking":false,"_monsterinsights_sitenote_active":false,"_monsterinsights_sitenote_note":"","_monsterinsights_sitenote_category":0,"footnotes":""},"class_list":["post-279","page","type-page","status-publish","hentry"],"_links":{"self":[{"href":"https:\/\/davidzevallos.com\/index.php\/wp-json\/wp\/v2\/pages\/279","targetHints":{"allow":["GET"]}}],"collection":[{"href":"https:\/\/davidzevallos.com\/index.php\/wp-json\/wp\/v2\/pages"}],"about":[{"href":"https:\/\/davidzevallos.com\/index.php\/wp-json\/wp\/v2\/types\/page"}],"author":[{"embeddable":true,"href":"https:\/\/davidzevallos.com\/index.php\/wp-json\/wp\/v2\/users\/1"}],"replies":[{"embeddable":true,"href":"https:\/\/davidzevallos.com\/index.php\/wp-json\/wp\/v2\/comments?post=279"}],"version-history":[{"count":4,"href":"https:\/\/davidzevallos.com\/index.php\/wp-json\/wp\/v2\/pages\/279\/revisions"}],"predecessor-version":[{"id":298,"href":"https:\/\/davidzevallos.com\/index.php\/wp-json\/wp\/v2\/pages\/279\/revisions\/298"}],"up":[{"embeddable":true,"href":"https:\/\/davidzevallos.com\/index.php\/wp-json\/wp\/v2\/pages\/240"}],"wp:attachment":[{"href":"https:\/\/davidzevallos.com\/index.php\/wp-json\/wp\/v2\/media?parent=279"}],"curies":[{"name":"wp","href":"https:\/\/api.w.org\/{rel}","templated":true}]}}