{"id":281,"date":"2018-07-12T10:47:32","date_gmt":"2018-07-12T15:47:32","guid":{"rendered":"http:\/\/davidzevallos.com\/?page_id=281"},"modified":"2019-04-16T01:01:38","modified_gmt":"2019-04-16T06:01:38","slug":"renovacion_y_modificacion_de_marcas","status":"publish","type":"page","link":"https:\/\/davidzevallos.com\/index.php\/servicios-para-marcas\/renovacion_y_modificacion_de_marcas\/","title":{"rendered":"Renovaci\u00f3n y modificaci\u00f3n de registros de marcas"},"content":{"rendered":"<p>Gesti\u00f3n de actos que afecten a tus registros de marca existentes.<\/p>\n<h3>\u00bfQu\u00e9 manejamos?<\/h3>\n<p style=\"padding-left: 40px;\"><strong>Renovaci\u00f3n de marca<\/strong><\/p>\n<p style=\"padding-left: 40px;\">Extiende los derechos sobre un registro de marca existente por un plazo adicional de 10 a\u00f1os, si tienes una marca registrada y te interesa saber la fecha exacta en que vence el derecho sobre tu marca consulta gratuitamente escribiendo a hola@davidzevallos,com.<\/p>\n<p style=\"padding-left: 40px;\"><strong>Cambio de nombre del titular<\/strong><\/p>\n<p style=\"padding-left: 40px;\">Dirigido a empresas o personas jur\u00eddicas que han cambiado de nombre o forma societaria por diversos motivos.<\/p>\n<p style=\"padding-left: 40px;\"><strong>Registro de licencias de uso de marca<\/strong><\/p>\n<p style=\"padding-left: 40px;\">Si bien inscribir el otorgamiento de una licencia de uso de una marca no es obligatorio, s\u00ed es altamente recomendado pues permite garantizar que, en principio, el licenciatario hace uso leg\u00edtimo de la marca.<\/p>\n<p style=\"padding-left: 40px;\"><strong>Transferencia de marcas<\/strong><\/p>\n<p style=\"padding-left: 40px;\">Para los casos en que la titularidad de la marca ha cambiado de manos.<\/p>\n<h3>\u00bfCu\u00e1nto demora?<\/h3>\n<p>Los actos de renovaci\u00f3n y modificaci\u00f3n de registros de marca tienen una duraci\u00f3n de entre 5 y 20 d\u00edas h\u00e1biles (entre 1 y 3 semanas aproximadamente).<\/p>\n<h3>Costos<\/h3>\n<p>Los costos se rigen por la cantidad de registros y clases de <a href=\"https:\/\/davidzevallos.com\/index.php\/clasificacion\/\">Niza<\/a> (clasificaci\u00f3n t\u00e9cnica para las marcas) que abarque una marca.<\/p>\n<p>Por ello cu\u00e9ntanos cu\u00e1les son los certificados y procedimientos de tu inter\u00e9s para enviarte una cotizaci\u00f3n (manejamos las tarifas m\u00e1s competitivas), puedes hacerlo a trav\u00e9s del <strong>formulario\u00a0<\/strong>que est\u00e1 debajo o escribiendo a\u00a0<strong>hola@davidzevallos.com\u00a0<\/strong>y estaremos en contacto de manera inmediata.<\/p>\n<p><iframe loading=\"lazy\" src=\"https:\/\/docs.google.com\/forms\/d\/e\/1FAIpQLSdfv_SghiPiY7jFSoMCUdUUzXuNzOiI5nK-bLitz8RdHp3JKA\/viewform?embedded=true\" width=\"640\" height=\"1058\" frameborder=\"0\" marginwidth=\"0\" marginheight=\"0\">Cargando\u2026<\/iframe><\/p>\n","protected":false},"excerpt":{"rendered":"<p>Gesti\u00f3n de actos que afecten a tus registros de marca existentes. \u00bfQu\u00e9 manejamos? Renovaci\u00f3n de marca Extiende los derechos sobre un registro de marca existente por un plazo adicional de 10 a\u00f1os, si tienes una marca registrada y te interesa saber la fecha exacta en que vence el derecho sobre tu marca consulta gratuitamente escribiendo<\/p>\n","protected":false},"author":1,"featured_media":928,"parent":240,"menu_order":0,"comment_status":"closed","ping_status":"closed","template":"","meta":{"om_disable_all_campaigns":false,"_monsterinsights_skip_tracking":false,"_monsterinsights_sitenote_active":false,"_monsterinsights_sitenote_note":"","_monsterinsights_sitenote_category":0,"footnotes":""},"class_list":["post-281","page","type-page","status-publish","has-post-thumbnail","hentry"],"_links":{"self":[{"href":"https:\/\/davidzevallos.com\/index.php\/wp-json\/wp\/v2\/pages\/281","targetHints":{"allow":["GET"]}}],"collection":[{"href":"https:\/\/davidzevallos.com\/index.php\/wp-json\/wp\/v2\/pages"}],"about":[{"href":"https:\/\/davidzevallos.com\/index.php\/wp-json\/wp\/v2\/types\/page"}],"author":[{"embeddable":true,"href":"https:\/\/davidzevallos.com\/index.php\/wp-json\/wp\/v2\/users\/1"}],"replies":[{"embeddable":true,"href":"https:\/\/davidzevallos.com\/index.php\/wp-json\/wp\/v2\/comments?post=281"}],"version-history":[{"count":6,"href":"https:\/\/davidzevallos.com\/index.php\/wp-json\/wp\/v2\/pages\/281\/revisions"}],"predecessor-version":[{"id":936,"href":"https:\/\/davidzevallos.com\/index.php\/wp-json\/wp\/v2\/pages\/281\/revisions\/936"}],"up":[{"embeddable":true,"href":"https:\/\/davidzevallos.com\/index.php\/wp-json\/wp\/v2\/pages\/240"}],"wp:featuredmedia":[{"embeddable":true,"href":"https:\/\/davidzevallos.com\/index.php\/wp-json\/wp\/v2\/media\/928"}],"wp:attachment":[{"href":"https:\/\/davidzevallos.com\/index.php\/wp-json\/wp\/v2\/media?parent=281"}],"curies":[{"name":"wp","href":"https:\/\/api.w.org\/{rel}","templated":true}]}}