{"id":778,"date":"2019-01-22T22:11:20","date_gmt":"2019-01-23T03:11:20","guid":{"rendered":"http:\/\/davidzevallos.com\/?page_id=778"},"modified":"2019-05-17T11:25:49","modified_gmt":"2019-05-17T16:25:49","slug":"clasificacion-de-niza-2018","status":"publish","type":"page","link":"https:\/\/davidzevallos.com\/index.php\/clasificacion-de-niza\/clasificacion-de-niza-2018\/","title":{"rendered":"Clasificaci\u00f3n de Niza 2018"},"content":{"rendered":"<p>T\u00edtulos de clase de la und\u00e9cima edici\u00f3n de la <strong>Clasificaci\u00f3n de Niza versi\u00f3n 2018<\/strong>.<\/p>\n<p>Puedes explorar el contenido completo de la Clasificaci\u00f3n de Niza 2018 <a href=\"https:\/\/www.wipo.int\/classifications\/nice\/nclpub\/es\/en\/20180101\/hierarchy\/?basic_numbers=show&amp;explanatory_notes=show&amp;lang=es&amp;menulang=es&amp;mode=flat&amp;pagination=no\"><strong>aqu\u00ed<\/strong><\/a>,<\/p>\n<table style=\"border-collapse: collapse; width: 100%;\" border=\"1\">\n<tbody>\n<tr style=\"height: 22px; background-color: #b4e0cc;\">\n<td style=\"width: 6.72729%; text-align: center; height: 22px;\">\n<h5><span style=\"color: #808080;\"><strong>Clase<\/strong><\/span><\/h5>\n<\/td>\n<td style=\"width: 93.2727%; height: 22px; text-align: center;\">\n<h5><span style=\"color: #808080;\"><strong>T\u00edtulos por Clase &#8211; Clasificaci\u00f3n de Niza 11a Edici\u00f3n &#8211; versi\u00f3n 2018<\/strong><\/span><\/h5>\n<\/td>\n<\/tr>\n<tr style=\"height: 110px;\">\n<td style=\"width: 6.72729%; text-align: center; height: 110px;\">\n<h3><strong>1<\/strong><\/h3>\n<\/td>\n<td style=\"width: 93.2727%; height: 110px; text-align: left;\">Productos qu\u00edmicos para la industria, la ciencia y la fotograf\u00eda, as\u00ed como para la agricultura, la horticultura y la silvicultura; resinas artificiales en bruto, materias pl\u00e1sticas en bruto; composiciones para la extinci\u00f3n de incendios y la prevenci\u00f3n de incendios; preparaciones para templar y soldar metales; sustancias para curtir cueros y pieles de animales; adhesivos (pegamentos) para la industria; masillas y otras materias de relleno en pasta; compost, abonos, fertilizantes; preparaciones biol\u00f3gicas para la industria y la ciencia.<\/td>\n<\/tr>\n<tr style=\"height: 66px;\">\n<td style=\"width: 6.72729%; height: 66px; text-align: center;\">\n<h3><strong>2<\/strong><\/h3>\n<\/td>\n<td style=\"width: 93.2727%; height: 66px; text-align: left;\">Pinturas, barnices, lacas; productos contra la herrumbre y el deterioro de la madera; colorantes, tintes; tintas de imprenta, tintas de marcado y tintas de grabado; resinas naturales en bruto; metales en hojas y en polvo para la pintura, la decoraci\u00f3n, la imprenta y trabajos art\u00edsticos.<\/td>\n<\/tr>\n<tr style=\"height: 22px;\">\n<td style=\"width: 6.72729%; height: 22px; text-align: center;\">\n<h3><strong>3<\/strong><\/h3>\n<\/td>\n<td style=\"width: 93.2727%; height: 22px; text-align: left;\">Productos cosm\u00e9ticos y preparaciones de tocador no medicinales; dent\u00edfricos no medicinales; productos de perfumer\u00eda, aceites esenciales; preparaciones para blanquear y otras sustancias para lavar la ropa; preparaciones para limpiar, pulir, desengrasar y raspar.<\/td>\n<\/tr>\n<tr style=\"height: 22px;\">\n<td style=\"width: 6.72729%; height: 22px; text-align: center;\">\n<h3><strong>4<\/strong><\/h3>\n<\/td>\n<td style=\"width: 93.2727%; height: 22px; text-align: left;\">Aceites y grasas para uso industrial, ceras; lubricantes; composiciones para absorber, rociar y asentar el polvo; combustibles y materiales de alumbrado; velas y mechas de iluminaci\u00f3n.<\/td>\n<\/tr>\n<tr style=\"height: 22px;\">\n<td style=\"width: 6.72729%; height: 22px; text-align: center;\">\n<h3><strong>5<\/strong><\/h3>\n<\/td>\n<td style=\"width: 93.2727%; height: 22px; text-align: left;\">Productos farmac\u00e9uticos, preparaciones para uso m\u00e9dico y veterinario; productos higi\u00e9nicos y sanitarios para uso m\u00e9dico; alimentos y sustancias diet\u00e9ticas para uso m\u00e9dico o veterinario, alimentos para beb\u00e9s; suplementos alimenticios para personas o animales; emplastos, material para ap\u00f3sitos; material para empastes e improntas dentales; desinfectantes; productos para eliminar animales da\u00f1inos; fungicidas, herbicidas.<\/td>\n<\/tr>\n<tr style=\"height: 22px;\">\n<td style=\"width: 6.72729%; height: 22px; text-align: center;\">\n<h3><strong>6<\/strong><\/h3>\n<\/td>\n<td style=\"width: 93.2727%; height: 22px; text-align: left;\">Metales comunes y sus aleaciones, minerales metal\u00edferos; materiales de construcci\u00f3n y edificaci\u00f3n met\u00e1licos; construcciones transportables met\u00e1licas; cables e hilos met\u00e1licos no el\u00e9ctricos; peque\u00f1os art\u00edculos de ferreter\u00eda met\u00e1licos; recipientes met\u00e1licos de almacenamiento y transporte; cajas de caudales.<\/td>\n<\/tr>\n<tr style=\"height: 22px;\">\n<td style=\"width: 6.72729%; height: 22px; text-align: center;\">\n<h3><strong>7<\/strong><\/h3>\n<\/td>\n<td style=\"width: 93.2727%; height: 22px; text-align: left;\">M\u00e1quinas, m\u00e1quinas herramientas y herramientas mec\u00e1nicas; motores, excepto motores para veh\u00edculos terrestres; acoplamientos y elementos de transmisi\u00f3n, excepto para veh\u00edculos terrestres; instrumentos agr\u00edcolas que no sean herramientas de mano que funcionan manualmente; incubadoras de huevos; distribuidores autom\u00e1ticos.<\/td>\n<\/tr>\n<tr style=\"height: 22px;\">\n<td style=\"width: 6.72729%; height: 22px; text-align: center;\">\n<h3><strong>8<\/strong><\/h3>\n<\/td>\n<td style=\"width: 93.2727%; height: 22px; text-align: left;\">Herramientas e instrumentos de mano que funcionan manualmente; art\u00edculos de cuchiller\u00eda, tenedores y cucharas; armas blancas; maquinillas de afeitar.<\/td>\n<\/tr>\n<tr style=\"height: 22px;\">\n<td style=\"width: 6.72729%; height: 22px; text-align: center;\">\n<h3><strong>9<\/strong><\/h3>\n<\/td>\n<td style=\"width: 93.2727%; height: 22px; text-align: left;\">Aparatos e instrumentos cient\u00edficos, n\u00e1uticos, geod\u00e9sicos, fotogr\u00e1ficos, cinematogr\u00e1ficos, \u00f3pticos, de pesaje, de medici\u00f3n, de se\u00f1alizaci\u00f3n, de control (inspecci\u00f3n), de salvamento y de ense\u00f1anza; aparatos e instrumentos de conducci\u00f3n, distribuci\u00f3n, transformaci\u00f3n, acumulaci\u00f3n, regulaci\u00f3n o control de la electricidad; aparatos de grabaci\u00f3n, transmisi\u00f3n o reproducci\u00f3n de sonido o im\u00e1genes; soportes de registro magn\u00e9ticos, discos ac\u00fasticos; discos compactos, DVD y otros soportes de grabaci\u00f3n digitales; mecanismos para aparatos de previo pago; cajas registradoras, m\u00e1quinas de calcular, equipos de procesamiento de datos, ordenadores; software; extintores.<\/td>\n<\/tr>\n<tr style=\"height: 88px;\">\n<td style=\"width: 6.72729%; text-align: center; height: 88px;\">\n<h3><strong>10<\/strong><\/h3>\n<\/td>\n<td style=\"width: 93.2727%; height: 88px; text-align: left;\">Aparatos e instrumentos quir\u00fargicos, m\u00e9dicos, odontol\u00f3gicos y veterinarios; miembros, ojos y dientes artificiales; art\u00edculos ortop\u00e9dicos; material de sutura;dispositivos terap\u00e9uticos y de asistencia para personas discapacitadas; aparatos de masaje; aparatos, dispositivos y art\u00edculos de puericultura; aparatos, dispositivos y art\u00edculos para actividades sexuales.<\/td>\n<\/tr>\n<tr style=\"height: 22px;\">\n<td style=\"width: 6.72729%; text-align: center; height: 22px;\">\n<h3><strong>11<\/strong><\/h3>\n<\/td>\n<td style=\"width: 93.2727%; height: 22px; text-align: left;\">Aparatos de alumbrado, calefacci\u00f3n, producci\u00f3n de vapor, cocci\u00f3n, refrigeraci\u00f3n, secado, ventilaci\u00f3n y distribuci\u00f3n de agua, as\u00ed como instalaciones sanitarias.<\/td>\n<\/tr>\n<tr style=\"height: 22px;\">\n<td style=\"width: 6.72729%; text-align: center; height: 22px;\">\n<h3><strong>12<\/strong><\/h3>\n<\/td>\n<td style=\"width: 93.2727%; height: 22px; text-align: left;\">Veh\u00edculos; aparatos de locomoci\u00f3n terrestre, a\u00e9rea o acu\u00e1tica.<\/td>\n<\/tr>\n<tr style=\"height: 22px;\">\n<td style=\"width: 6.72729%; text-align: center; height: 22px;\">\n<h3><strong>13<\/strong><\/h3>\n<\/td>\n<td style=\"width: 93.2727%; height: 22px; text-align: left;\">Armas de fuego; municiones y proyectiles; explosivos; fuegos artificiales.<\/td>\n<\/tr>\n<tr style=\"height: 22px;\">\n<td style=\"width: 6.72729%; text-align: center; height: 22px;\">\n<h3><strong>14<\/strong><\/h3>\n<\/td>\n<td style=\"width: 93.2727%; height: 22px; text-align: left;\">Metales preciosos y sus aleaciones; art\u00edculos de joyer\u00eda, piedras preciosas y semipreciosas; art\u00edculos de relojer\u00eda e instrumentos cronom\u00e9tricos.<\/td>\n<\/tr>\n<tr style=\"height: 22px;\">\n<td style=\"width: 6.72729%; text-align: center; height: 22px;\">\n<h3><strong>15<\/strong><\/h3>\n<\/td>\n<td style=\"width: 93.2727%; height: 22px; text-align: left;\">Instrumentos musicales.<\/td>\n<\/tr>\n<tr style=\"height: 88px;\">\n<td style=\"width: 6.72729%; text-align: center; height: 88px;\">\n<h3><strong>16<\/strong><\/h3>\n<\/td>\n<td style=\"width: 93.2727%; text-align: left; height: 88px;\">Papel y cart\u00f3n; productos de imprenta; material de encuadernaci\u00f3n; fotograf\u00edas; art\u00edculos de papeler\u00eda y art\u00edculos de oficina, excepto muebles; adhesivos (pegamentos) de papeler\u00eda o para uso dom\u00e9stico; material de dibujo y material para artistas; pinceles; material de instrucci\u00f3n y material did\u00e1ctico; hojas, pel\u00edculas y bolsas de materias pl\u00e1sticas para embalar y empaquetar; caracteres de imprenta, clich\u00e9s de imprenta.<\/td>\n<\/tr>\n<tr style=\"height: 66px;\">\n<td style=\"width: 6.72729%; text-align: center; height: 66px;\">\n<h3><strong>17<\/strong><\/h3>\n<\/td>\n<td style=\"width: 93.2727%; text-align: left; height: 66px;\">Caucho, gutapercha, goma, amianto y mica en bruto o semielaborados, as\u00ed como suced\u00e1neos de estos materiales; materias pl\u00e1sticas y resinas en forma extrudida utilizadas en procesos de fabricaci\u00f3n; materiales para calafatear, estopar y aislar; tubos flexibles no met\u00e1licos.<\/td>\n<\/tr>\n<tr style=\"height: 59px;\">\n<td style=\"width: 6.72729%; text-align: center; height: 59px;\">\n<h3><strong>18<\/strong><\/h3>\n<\/td>\n<td style=\"width: 93.2727%; text-align: left; height: 59px;\">Cuero y cuero de imitaci\u00f3n; pieles de animales; art\u00edculos de equipaje y bolsas de transporte; paraguas y sombrillas; bastones; fustas, y art\u00edculos de guarnicioner\u00eda; collares, correas y ropa para animales.<\/td>\n<\/tr>\n<tr style=\"height: 59px;\">\n<td style=\"width: 6.72729%; text-align: center; height: 59px;\">\n<h3><strong>19<\/strong><\/h3>\n<\/td>\n<td style=\"width: 93.2727%; text-align: left; height: 59px;\">Materiales de construcci\u00f3n no met\u00e1licos; tubos r\u00edgidos no met\u00e1licos para la construcci\u00f3n; asfalto, pez y bet\u00fan; construcciones transportables no met\u00e1licas; monumentos no met\u00e1licos.<\/td>\n<\/tr>\n<tr style=\"height: 59px;\">\n<td style=\"width: 6.72729%; text-align: center; height: 59px;\">\n<h3><strong>20<\/strong><\/h3>\n<\/td>\n<td style=\"width: 93.2727%; text-align: left; height: 59px;\">Muebles, espejos, marcos; contenedores no met\u00e1licos de almacenamiento o transporte; hueso, cuerno, ballena o n\u00e1car, en bruto o semielaborados; conchas; espuma de mar; \u00e1mbar amarillo.<\/td>\n<\/tr>\n<tr style=\"height: 66px;\">\n<td style=\"width: 6.72729%; text-align: center; height: 66px;\">\n<h3><strong>21<\/strong><\/h3>\n<\/td>\n<td style=\"width: 93.2727%; text-align: left; height: 66px;\">Utensilios y recipientes para uso dom\u00e9stico y culinario; utensilios de cocina y vajilla, excepto tenedores, cuchillos y cucharas; peines y esponjas; cepillos; materiales para fabricar cepillos; material de limpieza; vidrio en bruto o semielaborado, excepto vidrio de construcci\u00f3n; art\u00edculos de cristaler\u00eda, porcelana y loza.<\/td>\n<\/tr>\n<tr style=\"height: 88px;\">\n<td style=\"width: 6.72729%; text-align: center; height: 88px;\">\n<h3><strong>22<\/strong><\/h3>\n<\/td>\n<td style=\"width: 93.2727%; text-align: left; height: 88px;\">Cuerdas y cordeles; redes; tiendas de campa\u00f1a y lonas; toldos de materias textiles o sint\u00e9ticas; velas de navegaci\u00f3n; sacos para el transporte y almacenamiento de mercanc\u00edas a granel; materiales de acolchado y relleno, excepto el papel, cart\u00f3n, caucho o materias pl\u00e1sticas; materias textiles fibrosas en bruto y sus suced\u00e1neos.<\/td>\n<\/tr>\n<tr style=\"height: 59px;\">\n<td style=\"width: 6.72729%; text-align: center; height: 59px;\">\n<h3><strong>23<\/strong><\/h3>\n<\/td>\n<td style=\"width: 93.2727%; text-align: left; height: 59px;\">Hilos para uso textil.<\/td>\n<\/tr>\n<tr style=\"height: 59px;\">\n<td style=\"width: 6.72729%; text-align: center; height: 59px;\">\n<h3><strong>24<\/strong><\/h3>\n<\/td>\n<td style=\"width: 93.2727%; text-align: left; height: 59px;\">Tejidos y sus suced\u00e1neos; ropa de hogar; cortinas de materias textiles o de materias pl\u00e1sticas.<\/td>\n<\/tr>\n<tr style=\"height: 59px;\">\n<td style=\"width: 6.72729%; text-align: center; height: 59px;\">\n<h3><strong>25<\/strong><\/h3>\n<\/td>\n<td style=\"width: 93.2727%; text-align: left; height: 59px;\">Prendas de vestir, calzado, art\u00edculos de sombrerer\u00eda.<\/td>\n<\/tr>\n<tr style=\"height: 59px;\">\n<td style=\"width: 6.72729%; text-align: center; height: 59px;\">\n<h3><strong>26<\/strong><\/h3>\n<\/td>\n<td style=\"width: 93.2727%; text-align: left; height: 59px;\">Encajes y bordados, cintas y cordones; botones, ganchos y ojetes, alfileres y agujas; flores artificiales; adornos para el cabello; cabello postizo.<\/td>\n<\/tr>\n<tr style=\"height: 59px;\">\n<td style=\"width: 6.72729%; text-align: center; height: 59px;\">\n<h3><strong>27<\/strong><\/h3>\n<\/td>\n<td style=\"width: 93.2727%; text-align: left; height: 59px;\">Alfombras, felpudos, esteras, lin\u00f3leo y otros revestimientos de suelos; tapices murales que no sean de materias textiles.<\/td>\n<\/tr>\n<tr style=\"height: 59px;\">\n<td style=\"width: 6.72729%; text-align: center; height: 59px;\">\n<h3><strong>28<\/strong><\/h3>\n<\/td>\n<td style=\"width: 93.2727%; text-align: left; height: 59px;\">Juegos y juguetes; aparatos de videojuegos; art\u00edculos de gimnasia y deporte; adornos para \u00e1rboles de Navidad.<\/td>\n<\/tr>\n<tr style=\"height: 66px;\">\n<td style=\"width: 6.72729%; text-align: center; height: 66px;\">\n<h3><strong>29<\/strong><\/h3>\n<\/td>\n<td style=\"width: 93.2727%; text-align: left; height: 66px;\">Carne, pescado, carne de ave y carne de caza; extractos de carne; frutas y verduras, hortalizas y legumbres en conserva, congeladas, secas y cocidas; jaleas, confituras, compotas; huevos; leche y productos l\u00e1cteos; aceites y grasas para uso alimenticio.<\/td>\n<\/tr>\n<tr style=\"height: 66px;\">\n<td style=\"width: 6.72729%; text-align: center; height: 66px;\">\n<h3><strong>30<\/strong><\/h3>\n<\/td>\n<td style=\"width: 93.2727%; text-align: left; height: 66px;\">Caf\u00e9, t\u00e9, cacao y suced\u00e1neos del caf\u00e9; arroz; tapioca y sag\u00fa; harinas y preparaciones a base de cereales; pan, productos de pasteler\u00eda y confiter\u00eda; helados; az\u00facar, miel, jarabe de melaza; levadura, polvos de hornear; sal; mostaza; vinagre, salsas (condimentos); especias; hielo.<\/td>\n<\/tr>\n<tr style=\"height: 88px;\">\n<td style=\"width: 6.72729%; text-align: center; height: 88px;\">\n<h3><strong>31<\/strong><\/h3>\n<\/td>\n<td style=\"width: 93.2727%; text-align: left; height: 88px;\">Productos agr\u00edcolas, acu\u00edcolas, hort\u00edcolas y forestales en bruto y sin procesar; granos y semillas en bruto o sin procesar; frutas y verduras, hortalizas y legumbres frescas, hierbas arom\u00e1ticas frescas; plantas y flores naturales; bulbos, plantones y semillas para plantar; animales vivos; productos alimenticios y bebidas para animales; malta.<\/td>\n<\/tr>\n<tr style=\"height: 59px;\">\n<td style=\"width: 6.72729%; text-align: center; height: 59px;\">\n<h3><strong>32<\/strong><\/h3>\n<\/td>\n<td style=\"width: 93.2727%; text-align: left; height: 59px;\">Cervezas; aguas minerales y otras bebidas sin alcohol; bebidas a base de frutas y zumos de frutas; siropes y otras preparaciones para elaborar bebidas.<\/td>\n<\/tr>\n<tr style=\"height: 59px;\">\n<td style=\"width: 6.72729%; text-align: center; height: 59px;\">\n<h3><strong>33<\/strong><\/h3>\n<\/td>\n<td style=\"width: 93.2727%; text-align: left; height: 59px;\">Bebidas alcoh\u00f3licas (excepto cervezas).<\/td>\n<\/tr>\n<tr style=\"height: 59px;\">\n<td style=\"width: 6.72729%; text-align: center; height: 59px;\">\n<h3><strong>34<\/strong><\/h3>\n<\/td>\n<td style=\"width: 93.2727%; text-align: left; height: 59px;\">Tabaco; art\u00edculos para fumadores; cerillas.<\/td>\n<\/tr>\n<tr style=\"height: 59px;\">\n<td style=\"width: 6.72729%; text-align: center; height: 59px;\">\n<h3><strong>35<\/strong><\/h3>\n<\/td>\n<td style=\"width: 93.2727%; text-align: left; height: 59px;\">Publicidad; gesti\u00f3n de negocios comerciales; administraci\u00f3n comercial; trabajos de oficina.<\/td>\n<\/tr>\n<tr style=\"height: 59px;\">\n<td style=\"width: 6.72729%; text-align: center; height: 59px;\">\n<h3><strong>36<\/strong><\/h3>\n<\/td>\n<td style=\"width: 93.2727%; text-align: left; height: 59px;\">Servicios de seguros; operaciones financieras; operaciones monetarias; negocios inmobiliarios.<\/td>\n<\/tr>\n<tr style=\"height: 59px;\">\n<td style=\"width: 6.72729%; text-align: center; height: 59px;\">\n<h3><strong>37<\/strong><\/h3>\n<\/td>\n<td style=\"width: 93.2727%; text-align: left; height: 59px;\">Servicios de construcci\u00f3n; servicios de reparaci\u00f3n; servicios de instalaci\u00f3n.<\/td>\n<\/tr>\n<tr style=\"height: 59px;\">\n<td style=\"width: 6.72729%; text-align: center; height: 59px;\">\n<h3><strong>38<\/strong><\/h3>\n<\/td>\n<td style=\"width: 93.2727%; text-align: left; height: 59px;\">Telecomunicaciones.<\/td>\n<\/tr>\n<tr style=\"height: 59px;\">\n<td style=\"width: 6.72729%; text-align: center; height: 59px;\">\n<h3><strong>39<\/strong><\/h3>\n<\/td>\n<td style=\"width: 93.2727%; text-align: left; height: 59px;\">Transporte; embalaje y almacenamiento de mercanc\u00edas; organizaci\u00f3n de viajes.<\/td>\n<\/tr>\n<tr style=\"height: 59px;\">\n<td style=\"width: 6.72729%; text-align: center; height: 59px;\">\n<h3><strong>40<\/strong><\/h3>\n<\/td>\n<td style=\"width: 93.2727%; text-align: left; height: 59px;\">Tratamiento de materiales.<\/td>\n<\/tr>\n<tr style=\"height: 59px;\">\n<td style=\"width: 6.72729%; text-align: center; height: 59px;\">\n<h3><strong>41<\/strong><\/h3>\n<\/td>\n<td style=\"width: 93.2727%; text-align: left; height: 59px;\">Educaci\u00f3n; formaci\u00f3n; servicios de entretenimiento; actividades deportivas y culturales.<\/td>\n<\/tr>\n<tr style=\"height: 59px;\">\n<td style=\"width: 6.72729%; text-align: center; height: 59px;\">\n<h3><strong>42<\/strong><\/h3>\n<\/td>\n<td style=\"width: 93.2727%; text-align: left; height: 59px;\">Servicios cient\u00edficos y tecnol\u00f3gicos, as\u00ed como servicios de investigaci\u00f3n y dise\u00f1o conexos; servicios de an\u00e1lisis e investigaci\u00f3n industriales; dise\u00f1o y desarrollo de equipos inform\u00e1ticos y software.<\/td>\n<\/tr>\n<tr style=\"height: 59px;\">\n<td style=\"width: 6.72729%; text-align: center; height: 59px;\">\n<h3><strong>43<\/strong><\/h3>\n<\/td>\n<td style=\"width: 93.2727%; text-align: left; height: 59px;\">Servicios de restauraci\u00f3n (alimentaci\u00f3n); hospedaje temporal.<\/td>\n<\/tr>\n<tr style=\"height: 59px;\">\n<td style=\"width: 6.72729%; text-align: center; height: 59px;\">\n<h3><strong>44<\/strong><\/h3>\n<\/td>\n<td style=\"width: 93.2727%; text-align: left; height: 59px;\">Servicios m\u00e9dicos; servicios veterinarios; tratamientos de higiene y de belleza para personas o animales; servicios de agricultura, horticultura y silvicultura.<\/td>\n<\/tr>\n<tr style=\"height: 59px;\">\n<td style=\"width: 6.72729%; text-align: center; height: 59px;\">\n<h3><strong>45<\/strong><\/h3>\n<\/td>\n<td style=\"width: 93.2727%; text-align: left; height: 59px;\">Servicios jur\u00eddicos; servicios de seguridad para la protecci\u00f3n f\u00edsica de bienes materiales y personas; servicios personales y sociales prestados por terceros para satisfacer necesidades individuales.<\/td>\n<\/tr>\n<\/tbody>\n<\/table>\n<p>&nbsp;<\/p>\n","protected":false},"excerpt":{"rendered":"<p>T\u00edtulos de clase de la und\u00e9cima edici\u00f3n de la Clasificaci\u00f3n de Niza versi\u00f3n 2018. Puedes explorar el contenido completo de la Clasificaci\u00f3n de Niza 2018 aqu\u00ed, Clase T\u00edtulos por Clase &#8211; Clasificaci\u00f3n de Niza 11a Edici\u00f3n &#8211; versi\u00f3n 2018 1 Productos qu\u00edmicos para la industria, la ciencia y la fotograf\u00eda, as\u00ed como para la agricultura,<\/p>\n","protected":false},"author":1,"featured_media":0,"parent":186,"menu_order":0,"comment_status":"closed","ping_status":"closed","template":"","meta":{"om_disable_all_campaigns":false,"_monsterinsights_skip_tracking":false,"_monsterinsights_sitenote_active":false,"_monsterinsights_sitenote_note":"","_monsterinsights_sitenote_category":0,"footnotes":""},"class_list":["post-778","page","type-page","status-publish","hentry"],"_links":{"self":[{"href":"https:\/\/davidzevallos.com\/index.php\/wp-json\/wp\/v2\/pages\/778","targetHints":{"allow":["GET"]}}],"collection":[{"href":"https:\/\/davidzevallos.com\/index.php\/wp-json\/wp\/v2\/pages"}],"about":[{"href":"https:\/\/davidzevallos.com\/index.php\/wp-json\/wp\/v2\/types\/page"}],"author":[{"embeddable":true,"href":"https:\/\/davidzevallos.com\/index.php\/wp-json\/wp\/v2\/users\/1"}],"replies":[{"embeddable":true,"href":"https:\/\/davidzevallos.com\/index.php\/wp-json\/wp\/v2\/comments?post=778"}],"version-history":[{"count":5,"href":"https:\/\/davidzevallos.com\/index.php\/wp-json\/wp\/v2\/pages\/778\/revisions"}],"predecessor-version":[{"id":994,"href":"https:\/\/davidzevallos.com\/index.php\/wp-json\/wp\/v2\/pages\/778\/revisions\/994"}],"up":[{"embeddable":true,"href":"https:\/\/davidzevallos.com\/index.php\/wp-json\/wp\/v2\/pages\/186"}],"wp:attachment":[{"href":"https:\/\/davidzevallos.com\/index.php\/wp-json\/wp\/v2\/media?parent=778"}],"curies":[{"name":"wp","href":"https:\/\/api.w.org\/{rel}","templated":true}]}}