{"id":82,"date":"2018-06-13T10:00:02","date_gmt":"2018-06-13T15:00:02","guid":{"rendered":"http:\/\/davidzevallos.com\/?page_id=82"},"modified":"2019-05-24T20:34:44","modified_gmt":"2019-05-25T01:34:44","slug":"sobremi","status":"publish","type":"page","link":"https:\/\/davidzevallos.com\/index.php\/sobremi\/","title":{"rendered":"Sobre m\u00ed"},"content":{"rendered":"<h4 style=\"text-align: left;\"><b>\u00bfQui\u00e9n soy?<\/b><\/h4>\n<p style=\"text-align: left;\"><span style=\"font-weight: 400;\">Hola, me llamo David Zevallos (vamos por algo as\u00ed se llama esta p\u00e1gina web), soy un fan del emprendimiento, el aprendizaje y la innovaci\u00f3n, estoy convencido de que hacer las cosas de modo diferente no es m\u00e1s que el reflejo de nuestros ganas de (r)evolucionar.<\/span><\/p>\n<h4 style=\"text-align: left;\"><b>\u00bfQu\u00e9 hago?<\/b><\/h4>\n<p style=\"text-align: left;\"><span style=\"font-weight: 400;\">Me dedico desde el 2007 al mundo de la propiedad industrial, y me he enfocado en el an\u00e1lisis de marcas, lemas y nombres comerciales, as\u00ed como otros curiosos elementos como las denominaciones de origen e indicaciones geogr\u00e1ficas. Me dedico a estudiar, pensar y repensar distintas f\u00f3rmulas para el mejor funcionamiento de nuestro sistema, y es que aunque algo est\u00e9 bien, siempre puede estar mejor, ah y soy un orgulloso sanmarquino (egresado de la Facultad de Derecho).<\/span><\/p>\n","protected":false},"excerpt":{"rendered":"<p>\u00bfQui\u00e9n soy? Hola, me llamo David Zevallos (vamos por algo as\u00ed se llama esta p\u00e1gina web), soy un fan del emprendimiento, el aprendizaje y la innovaci\u00f3n, estoy convencido de que hacer las cosas de modo diferente no es m\u00e1s que el reflejo de nuestros ganas de (r)evolucionar. \u00bfQu\u00e9 hago? Me dedico desde el 2007 al<\/p>\n","protected":false},"author":1,"featured_media":0,"parent":0,"menu_order":0,"comment_status":"closed","ping_status":"closed","template":"","meta":{"om_disable_all_campaigns":false,"_monsterinsights_skip_tracking":false,"_monsterinsights_sitenote_active":false,"_monsterinsights_sitenote_note":"","_monsterinsights_sitenote_category":0,"footnotes":""},"class_list":["post-82","page","type-page","status-publish","hentry"],"_links":{"self":[{"href":"https:\/\/davidzevallos.com\/index.php\/wp-json\/wp\/v2\/pages\/82","targetHints":{"allow":["GET"]}}],"collection":[{"href":"https:\/\/davidzevallos.com\/index.php\/wp-json\/wp\/v2\/pages"}],"about":[{"href":"https:\/\/davidzevallos.com\/index.php\/wp-json\/wp\/v2\/types\/page"}],"author":[{"embeddable":true,"href":"https:\/\/davidzevallos.com\/index.php\/wp-json\/wp\/v2\/users\/1"}],"replies":[{"embeddable":true,"href":"https:\/\/davidzevallos.com\/index.php\/wp-json\/wp\/v2\/comments?post=82"}],"version-history":[{"count":7,"href":"https:\/\/davidzevallos.com\/index.php\/wp-json\/wp\/v2\/pages\/82\/revisions"}],"predecessor-version":[{"id":1006,"href":"https:\/\/davidzevallos.com\/index.php\/wp-json\/wp\/v2\/pages\/82\/revisions\/1006"}],"wp:attachment":[{"href":"https:\/\/davidzevallos.com\/index.php\/wp-json\/wp\/v2\/media?parent=82"}],"curies":[{"name":"wp","href":"https:\/\/api.w.org\/{rel}","templated":true}]}}