{"id":938,"date":"2019-04-19T00:22:34","date_gmt":"2019-04-19T05:22:34","guid":{"rendered":"https:\/\/davidzevallos.com\/?page_id=938"},"modified":"2019-04-19T00:22:34","modified_gmt":"2019-04-19T05:22:34","slug":"defensa_de_marcas","status":"publish","type":"page","link":"https:\/\/davidzevallos.com\/index.php\/servicios-para-marcas\/defensa_de_marcas\/","title":{"rendered":"Cancelaciones, Nulidades, Infracciones de marcas"},"content":{"rendered":"<p>Representaci\u00f3n (para la formulaci\u00f3n y\/o defensa) en procedimientos especiales que requieren de una estrategia t\u00e9cnica compleja.<\/p>\n<h3>\u00bfQu\u00e9 manejamos?<\/h3>\n<p style=\"padding-left: 40px;\"><strong>Acciones de Cancelaci\u00f3n<\/strong><\/p>\n<p style=\"padding-left: 40px;\">Procedimientos en que se intenta retirar del registro marcas de terceros v\u00e1lidamente concedidas que no hayan sido utilizadas en los \u00faltimos a\u00f1os.<\/p>\n<p style=\"padding-left: 40px;\"><strong>Acciones de Nulidad<\/strong><\/p>\n<p style=\"padding-left: 40px;\">Acciones en las que se busca cuestionar la validez de un registro de marca<\/p>\n<p style=\"padding-left: 40px;\"><strong>Acciones por Infracci\u00f3n<\/strong><\/p>\n<p style=\"padding-left: 40px;\">Procedimiento en que se alega la existencia de usos no autorizados de la marca de un tercero.<\/p>\n<h3>\u00bfCu\u00e1nto demora?<\/h3>\n<p>Al tratarse de procedimientos complejos los plazos son variables, las cancelaciones pueden demorar entre 5 y 15 meses, el tr\u00e1mite de una nulidad o de una acci\u00f3n por infracci\u00f3n puede finalizar entre 7 y 18 meses.<\/p>\n<h3>Costos<\/h3>\n<p>Cu\u00e9ntanos sobre el procedimientos de tu inter\u00e9s para enviarte una cotizaci\u00f3n (manejamos las tarifas m\u00e1s competitivas), puedes hacerlo a trav\u00e9s del <strong>formulario\u00a0<\/strong>que est\u00e1 debajo o escribiendo a\u00a0<strong>hola@davidzevallos.com\u00a0<\/strong>y estaremos en contacto de manera inmediata.<\/p>\n<p><iframe loading=\"lazy\" src=\"https:\/\/docs.google.com\/forms\/d\/e\/1FAIpQLSc6BcXz5WrPPE7t0HdjKyc1YE8DMB7rDxWA1Kn9zUnb7X2Hew\/viewform?embedded=true\" width=\"640\" height=\"887\" frameborder=\"0\" marginwidth=\"0\" marginheight=\"0\">Cargando\u2026<\/iframe><\/p>\n","protected":false},"excerpt":{"rendered":"<p>Representaci\u00f3n (para la formulaci\u00f3n y\/o defensa) en procedimientos especiales que requieren de una estrategia t\u00e9cnica compleja. \u00bfQu\u00e9 manejamos? Acciones de Cancelaci\u00f3n Procedimientos en que se intenta retirar del registro marcas de terceros v\u00e1lidamente concedidas que no hayan sido utilizadas en los \u00faltimos a\u00f1os. Acciones de Nulidad Acciones en las que se busca cuestionar la validez<\/p>\n","protected":false},"author":1,"featured_media":927,"parent":240,"menu_order":0,"comment_status":"closed","ping_status":"closed","template":"","meta":{"om_disable_all_campaigns":false,"_monsterinsights_skip_tracking":false,"_monsterinsights_sitenote_active":false,"_monsterinsights_sitenote_note":"","_monsterinsights_sitenote_category":0,"footnotes":""},"class_list":["post-938","page","type-page","status-publish","has-post-thumbnail","hentry"],"_links":{"self":[{"href":"https:\/\/davidzevallos.com\/index.php\/wp-json\/wp\/v2\/pages\/938","targetHints":{"allow":["GET"]}}],"collection":[{"href":"https:\/\/davidzevallos.com\/index.php\/wp-json\/wp\/v2\/pages"}],"about":[{"href":"https:\/\/davidzevallos.com\/index.php\/wp-json\/wp\/v2\/types\/page"}],"author":[{"embeddable":true,"href":"https:\/\/davidzevallos.com\/index.php\/wp-json\/wp\/v2\/users\/1"}],"replies":[{"embeddable":true,"href":"https:\/\/davidzevallos.com\/index.php\/wp-json\/wp\/v2\/comments?post=938"}],"version-history":[{"count":4,"href":"https:\/\/davidzevallos.com\/index.php\/wp-json\/wp\/v2\/pages\/938\/revisions"}],"predecessor-version":[{"id":942,"href":"https:\/\/davidzevallos.com\/index.php\/wp-json\/wp\/v2\/pages\/938\/revisions\/942"}],"up":[{"embeddable":true,"href":"https:\/\/davidzevallos.com\/index.php\/wp-json\/wp\/v2\/pages\/240"}],"wp:featuredmedia":[{"embeddable":true,"href":"https:\/\/davidzevallos.com\/index.php\/wp-json\/wp\/v2\/media\/927"}],"wp:attachment":[{"href":"https:\/\/davidzevallos.com\/index.php\/wp-json\/wp\/v2\/media?parent=938"}],"curies":[{"name":"wp","href":"https:\/\/api.w.org\/{rel}","templated":true}]}}